{"id":2790,"date":"2023-02-02T11:31:18","date_gmt":"2023-02-02T11:31:18","guid":{"rendered":"https:\/\/laracardoso.pt\/politica-de-cookies\/"},"modified":"2025-03-14T23:28:04","modified_gmt":"2025-03-14T23:28:04","slug":"politica-de-cookies","status":"publish","type":"page","link":"https:\/\/laracardoso.pt\/pt-pt\/politica-de-cookies\/","title":{"rendered":"Pol\u00edtica de Cookies"},"content":{"rendered":"\t\t<div data-elementor-type=\"wp-page\" data-elementor-id=\"2790\" class=\"elementor elementor-2790 elementor-1564\" data-elementor-post-type=\"page\">\n\t\t\t\t<div class=\"elementor-element elementor-element-62b47e2 e-flex e-con-boxed e-con e-parent\" data-id=\"62b47e2\" data-element_type=\"container\" data-e-type=\"container\">\n\t\t\t\t\t<div class=\"e-con-inner\">\n\t\t<div class=\"elementor-element elementor-element-fe06c97 e-con-full e-flex e-con e-child\" data-id=\"fe06c97\" data-element_type=\"container\" data-e-type=\"container\">\n\t\t\t\t<div class=\"elementor-element elementor-element-bacf504 elementor-widget elementor-widget-heading\" data-id=\"bacf504\" data-element_type=\"widget\" data-e-type=\"widget\" data-widget_type=\"heading.default\">\n\t\t\t\t<div class=\"elementor-widget-container\">\n\t\t\t\t\t<h1 class=\"elementor-heading-title elementor-size-default\">Pol\u00edtica de Cookies<\/h1>\t\t\t\t<\/div>\n\t\t\t\t<\/div>\n\t\t\t\t<div class=\"elementor-element elementor-element-b23fa1e elementor-invisible elementor-widget elementor-widget-text-editor\" data-id=\"b23fa1e\" data-element_type=\"widget\" data-e-type=\"widget\" data-settings=\"{&quot;_animation&quot;:&quot;fadeIn&quot;}\" data-widget_type=\"text-editor.default\">\n\t\t\t\t<div class=\"elementor-widget-container\">\n\t\t\t\t\t\t\t\t\t<p>A presente Pol\u00edtica de Cookies \u00e9 um documento complementar \u00e0 Pol\u00edtica de Privacidade daLara Cardoso, dispon\u00edvel neste <span style=\"color: #e8c996;\"><a style=\"color: #e8c996;\" href=\"https:\/\/laracardoso.pt\/pt-pt\/politica-de-privacidade\/\">link<\/a><\/span>. Aqui, encontrar\u00e1 informa\u00e7\u00f5es objetivas e claras sobre o que s\u00e3o Cookies, quais os Cookies que utilizamos nas nossas aplica\u00e7\u00f5es, qual o papel que desempenham e como configur\u00e1-los.<\/p>\t\t\t\t\t\t\t\t<\/div>\n\t\t\t\t<\/div>\n\t\t\t\t<div class=\"elementor-element elementor-element-a74c8f5 elementor-widget elementor-widget-heading\" data-id=\"a74c8f5\" data-element_type=\"widget\" data-e-type=\"widget\" data-widget_type=\"heading.default\">\n\t\t\t\t<div class=\"elementor-widget-container\">\n\t\t\t\t\t<h1 class=\"elementor-heading-title elementor-size-default\">O que s\u00e3o Cookies?<\/h1>\t\t\t\t<\/div>\n\t\t\t\t<\/div>\n\t\t\t\t<div class=\"elementor-element elementor-element-b4449d4 elementor-invisible elementor-widget elementor-widget-text-editor\" data-id=\"b4449d4\" data-element_type=\"widget\" data-e-type=\"widget\" data-settings=\"{&quot;_animation&quot;:&quot;fadeIn&quot;}\" data-widget_type=\"text-editor.default\">\n\t\t\t\t<div class=\"elementor-widget-container\">\n\t\t\t\t\t\t\t\t\t<p>Cookies s\u00e3o pequenos arquivos de texto ou fragmentos de informa\u00e7\u00e3o que s\u00e3o baixados no seu computador, smartphone ou qualquer outro dispositivo com acesso \u00e0 internet quando visita o nosso website.<\/p><p>Estes cont\u00eam informa\u00e7\u00f5es sobre a sua navega\u00e7\u00e3o nas nossas p\u00e1ginas e ret\u00eam apenas informa\u00e7\u00f5es relacionadas \u00e0s suas prefer\u00eancias.<\/p><p>Assim, essa p\u00e1gina consegue armazenar e recuperar os dados sobre os seus h\u00e1bitos de navega\u00e7\u00e3o, de forma a melhorar a experi\u00eancia do utilizador, por exemplo. \u00c9 importante frisar que os cookies n\u00e3o cont\u00eam informa\u00e7\u00f5es pessoais espec\u00edficas, como dados sens\u00edveis ou banc\u00e1rios.<\/p><p>O seu navegador armazena os cookies no disco r\u00edgido, mas ocupam um espa\u00e7o de mem\u00f3ria m\u00ednimo, que n\u00e3o afetam o desempenho do seu computador. A maioria das informa\u00e7\u00f5es s\u00e3o apagadas logo ao encerrar a sess\u00e3o.<\/p>\t\t\t\t\t\t\t\t<\/div>\n\t\t\t\t<\/div>\n\t\t\t\t<div class=\"elementor-element elementor-element-795426d elementor-widget elementor-widget-heading\" data-id=\"795426d\" data-element_type=\"widget\" data-e-type=\"widget\" data-widget_type=\"heading.default\">\n\t\t\t\t<div class=\"elementor-widget-container\">\n\t\t\t\t\t<h1 class=\"elementor-heading-title elementor-size-default\">Por que utilizamos Cookies?<\/h1>\t\t\t\t<\/div>\n\t\t\t\t<\/div>\n\t\t\t\t<div class=\"elementor-element elementor-element-3db9dde elementor-invisible elementor-widget elementor-widget-text-editor\" data-id=\"3db9dde\" data-element_type=\"widget\" data-e-type=\"widget\" data-settings=\"{&quot;_animation&quot;:&quot;fadeIn&quot;}\" data-widget_type=\"text-editor.default\">\n\t\t\t\t<div class=\"elementor-widget-container\">\n\t\t\t\t\t\t\t\t\t<p>A Lara Cardoso utiliza Cookies para fornecer a melhor experi\u00eancia de utiliza\u00e7\u00e3o, tornando o nosso website mais f\u00e1cil e personalizado, tendo por base as suas escolhas e comportamentos de navega\u00e7\u00e3o.<\/p><p>Assim, procuramos entender como utiliza o nosso website e ajustar o conte\u00fado para torn\u00e1-lo mais relevante, al\u00e9m de lembrar as suas prefer\u00eancias.<\/p><p>Os Cookies participam neste processo enquanto armazenam, leem e executam os dados necess\u00e1rios para cumprir com o nosso objetivo.<\/p>\t\t\t\t\t\t\t\t<\/div>\n\t\t\t\t<\/div>\n\t\t\t\t<div class=\"elementor-element elementor-element-715f0c6 elementor-widget elementor-widget-heading\" data-id=\"715f0c6\" data-element_type=\"widget\" data-e-type=\"widget\" data-widget_type=\"heading.default\">\n\t\t\t\t<div class=\"elementor-widget-container\">\n\t\t\t\t\t<h1 class=\"elementor-heading-title elementor-size-default\">Que tipo de Cookies utilizamos?<\/h1>\t\t\t\t<\/div>\n\t\t\t\t<\/div>\n\t\t\t\t<div class=\"elementor-element elementor-element-ceef7ba elementor-invisible elementor-widget elementor-widget-text-editor\" data-id=\"ceef7ba\" data-element_type=\"widget\" data-e-type=\"widget\" data-settings=\"{&quot;_animation&quot;:&quot;fadeIn&quot;}\" data-widget_type=\"text-editor.default\">\n\t\t\t\t<div class=\"elementor-widget-container\">\n\t\t\t\t\t\t\t\t\t<p>A instala\u00e7\u00e3o dos cookies est\u00e1 sujeita ao seu consentimento. Apesar da maioria dos navegadores estar inicialmente configurada para aceitar cookies de forma autom\u00e1tica, pode rever as suas permiss\u00f5es a qualquer momento, de forma a bloque\u00e1-los, aceit\u00e1-los ou ativar notifica\u00e7\u00f5es para quando alguns cookies forem enviados para o dispositivo. Atualmente, na primeira vez que voc\u00ea aede ao nosso website, ser\u00e1 requisitado a sua concord\u00e2ncia com a instala\u00e7\u00e3o destes. Apenas ap\u00f3s a sua aceita\u00e7\u00e3o os Cookies ser\u00e3o ativados.<\/p><p>Atualmente, na primeira vez que voc\u00ea aede ao nosso website, ser\u00e1 requisitado a sua concord\u00e2ncia com a instala\u00e7\u00e3o destes. Apenas ap\u00f3s a sua aceita\u00e7\u00e3o os Cookies ser\u00e3o ativados.<\/p><p>Como j\u00e1 dito, pode, a qualquer momento e sem nenhum custo, alterar as permiss\u00f5es, bloquear ou recusar os Cookies. Tamb\u00e9m pode configur\u00e1-los caso a caso. Todavia, a revoga\u00e7\u00e3o do consentimento de determinados Cookies pode inviabilizar o funcionamento correto de alguns recursos da plataforma.<\/p><p>Para gerenciar os cookies do seu navegador, basta faz\u00ea-lo diretamente nas configura\u00e7\u00f5es do navegador, na \u00e1rea de gest\u00e3o de Cookies.<\/p>\t\t\t\t\t\t\t\t<\/div>\n\t\t\t\t<\/div>\n\t\t\t\t<div class=\"elementor-element elementor-element-d01284a elementor-widget elementor-widget-heading\" data-id=\"d01284a\" data-element_type=\"widget\" data-e-type=\"widget\" data-widget_type=\"heading.default\">\n\t\t\t\t<div class=\"elementor-widget-container\">\n\t\t\t\t\t<h1 class=\"elementor-heading-title elementor-size-default\">Disposi\u00e7\u00f5es Finais<\/h1>\t\t\t\t<\/div>\n\t\t\t\t<\/div>\n\t\t\t\t<div class=\"elementor-element elementor-element-724aa6d elementor-invisible elementor-widget elementor-widget-text-editor\" data-id=\"724aa6d\" data-element_type=\"widget\" data-e-type=\"widget\" data-settings=\"{&quot;_animation&quot;:&quot;fadeIn&quot;}\" data-widget_type=\"text-editor.default\">\n\t\t\t\t<div class=\"elementor-widget-container\">\n\t\t\t\t\t\t\t\t\t<p>Para a Lara Cardoso, a privacidade e confian\u00e7a s\u00e3o fundamentais. Estamos sempre a atualizar-nos para manter os mais altos padr\u00f5es de seguran\u00e7a.<\/p><p>Assim, esta Pol\u00edtica de Cookies pode ser atualizada a qualquer momento. As mudan\u00e7as entrar\u00e3o em vigor logo ap\u00f3s a publica\u00e7\u00e3o.<\/p><p>Em caso de d\u00favidas sobre a Pol\u00edtica de Cookies, entre em contato connosco pelos seguintes meios:<\/p>\t\t\t\t\t\t\t\t<\/div>\n\t\t\t\t<\/div>\n\t\t\t\t<div class=\"elementor-element elementor-element-d66d3ee elementor-icon-list--layout-traditional elementor-list-item-link-full_width elementor-widget elementor-widget-icon-list\" data-id=\"d66d3ee\" data-element_type=\"widget\" data-e-type=\"widget\" data-widget_type=\"icon-list.default\">\n\t\t\t\t<div class=\"elementor-widget-container\">\n\t\t\t\t\t\t\t<ul class=\"elementor-icon-list-items\">\n\t\t\t\t\t\t\t<li class=\"elementor-icon-list-item\">\n\t\t\t\t\t\t\t\t\t\t\t<a href=\"mailto:adv@laracardoso.pt\">\n\n\t\t\t\t\t\t\t\t\t\t\t<span class=\"elementor-icon-list-text\">adv@laracardoso.pt<\/span>\n\t\t\t\t\t\t\t\t\t\t\t<\/a>\n\t\t\t\t\t\t\t\t\t<\/li>\n\t\t\t\t\t\t\t\t<li class=\"elementor-icon-list-item\">\n\t\t\t\t\t\t\t\t\t\t<span class=\"elementor-icon-list-text\">+351 289 323 605<\/span>\n\t\t\t\t\t\t\t\t\t<\/li>\n\t\t\t\t\t\t<\/ul>\n\t\t\t\t\t\t<\/div>\n\t\t\t\t<\/div>\n\t\t\t\t<\/div>\n\t\t\t\t\t<\/div>\n\t\t\t\t<\/div>\n\t\t\t\t<\/div>\n\t\t","protected":false},"excerpt":{"rendered":"<p>Pol\u00edtica de Cookies A presente Pol\u00edtica de Cookies \u00e9 um documento complementar \u00e0 Pol\u00edtica de Privacidade daLara Cardoso, dispon\u00edvel neste link. Aqui, encontrar\u00e1 informa\u00e7\u00f5es objetivas e claras sobre o que s\u00e3o Cookies, quais os Cookies que utilizamos nas nossas aplica\u00e7\u00f5es, qual o papel que desempenham e como configur\u00e1-los. O que s\u00e3o Cookies? Cookies s\u00e3o pequenos [&hellip;]<\/p>\n","protected":false},"author":216681779,"featured_media":0,"parent":0,"menu_order":0,"comment_status":"closed","ping_status":"closed","template":"elementor_header_footer","meta":{"footnotes":""},"class_list":["post-2790","page","type-page","status-publish","hentry"],"_links":{"self":[{"href":"https:\/\/laracardoso.pt\/pt-pt\/wp-json\/wp\/v2\/pages\/2790","targetHints":{"allow":["GET"]}}],"collection":[{"href":"https:\/\/laracardoso.pt\/pt-pt\/wp-json\/wp\/v2\/pages"}],"about":[{"href":"https:\/\/laracardoso.pt\/pt-pt\/wp-json\/wp\/v2\/types\/page"}],"author":[{"embeddable":true,"href":"https:\/\/laracardoso.pt\/pt-pt\/wp-json\/wp\/v2\/users\/216681779"}],"replies":[{"embeddable":true,"href":"https:\/\/laracardoso.pt\/pt-pt\/wp-json\/wp\/v2\/comments?post=2790"}],"version-history":[{"count":2,"href":"https:\/\/laracardoso.pt\/pt-pt\/wp-json\/wp\/v2\/pages\/2790\/revisions"}],"predecessor-version":[{"id":2794,"href":"https:\/\/laracardoso.pt\/pt-pt\/wp-json\/wp\/v2\/pages\/2790\/revisions\/2794"}],"wp:attachment":[{"href":"https:\/\/laracardoso.pt\/pt-pt\/wp-json\/wp\/v2\/media?parent=2790"}],"curies":[{"name":"wp","href":"https:\/\/api.w.org\/{rel}","templated":true}]}}