{"id":2763,"date":"2023-02-01T15:38:15","date_gmt":"2023-02-01T15:38:15","guid":{"rendered":"https:\/\/laracardoso.pt\/contactos\/"},"modified":"2025-06-16T14:01:08","modified_gmt":"2025-06-16T13:01:08","slug":"contactos","status":"publish","type":"page","link":"https:\/\/laracardoso.pt\/pt-pt\/contactos\/","title":{"rendered":"Contactos"},"content":{"rendered":"\t\t<div data-elementor-type=\"wp-page\" data-elementor-id=\"2763\" class=\"elementor elementor-2763 elementor-1554\" data-elementor-post-type=\"page\">\n\t\t\t\t<div class=\"elementor-element elementor-element-b73dccc e-flex e-con-boxed e-con e-parent\" data-id=\"b73dccc\" data-element_type=\"container\" data-e-type=\"container\">\n\t\t\t\t\t<div class=\"e-con-inner\">\n\t\t<div class=\"elementor-element elementor-element-e30504b e-con-full e-flex e-con e-child\" data-id=\"e30504b\" data-element_type=\"container\" data-e-type=\"container\">\n\t\t\t\t<div class=\"elementor-element elementor-element-eaf9037 elementor-widget elementor-widget-heading\" data-id=\"eaf9037\" data-element_type=\"widget\" data-e-type=\"widget\" data-widget_type=\"heading.default\">\n\t\t\t\t<div class=\"elementor-widget-container\">\n\t\t\t\t\t<h1 class=\"elementor-heading-title elementor-size-default\">Contactos<\/h1>\t\t\t\t<\/div>\n\t\t\t\t<\/div>\n\t\t\t\t<div class=\"elementor-element elementor-element-715f42f elementor-widget elementor-widget-heading\" data-id=\"715f42f\" data-element_type=\"widget\" data-e-type=\"widget\" data-widget_type=\"heading.default\">\n\t\t\t\t<div class=\"elementor-widget-container\">\n\t\t\t\t\t<h6 class=\"elementor-heading-title elementor-size-default\">Por favor, entre em contato se tiver alguma d\u00favida sobre os nossos servi\u00e7os ou pretender uma consulta.<\/h6>\t\t\t\t<\/div>\n\t\t\t\t<\/div>\n\t\t\t\t<div class=\"elementor-element elementor-element-8b7d542 elementor-widget elementor-widget-menu-anchor\" data-id=\"8b7d542\" data-element_type=\"widget\" data-e-type=\"widget\" data-widget_type=\"menu-anchor.default\">\n\t\t\t\t<div class=\"elementor-widget-container\">\n\t\t\t\t\t\t\t<div class=\"elementor-menu-anchor\" id=\"ContactForm\"><\/div>\n\t\t\t\t\t\t<\/div>\n\t\t\t\t<\/div>\n\t\t<div class=\"elementor-element elementor-element-fedd6ff e-con-full e-flex e-con e-child\" data-id=\"fedd6ff\" data-element_type=\"container\" data-e-type=\"container\">\n\t\t<div class=\"elementor-element elementor-element-1819d3d e-con-full e-flex e-con e-child\" data-id=\"1819d3d\" data-element_type=\"container\" data-e-type=\"container\">\n\t\t\t\t<div class=\"elementor-element elementor-element-fac9323 elementor-widget elementor-widget-heading\" data-id=\"fac9323\" data-element_type=\"widget\" data-e-type=\"widget\" data-widget_type=\"heading.default\">\n\t\t\t\t<div class=\"elementor-widget-container\">\n\t\t\t\t\t<h6 class=\"elementor-heading-title elementor-size-default\">Telephone: +351 289 323 605*\n<\/h6>\t\t\t\t<\/div>\n\t\t\t\t<\/div>\n\t\t\t\t<div class=\"elementor-element elementor-element-5db16b7 elementor-widget elementor-widget-heading\" data-id=\"5db16b7\" data-element_type=\"widget\" data-e-type=\"widget\" data-widget_type=\"heading.default\">\n\t\t\t\t<div class=\"elementor-widget-container\">\n\t\t\t\t\t<h6 class=\"elementor-heading-title elementor-size-default\">Telephone: +351 928 157 693 **<\/h6>\t\t\t\t<\/div>\n\t\t\t\t<\/div>\n\t\t\t\t<div class=\"elementor-element elementor-element-89df1a5 elementor-widget elementor-widget-heading\" data-id=\"89df1a5\" data-element_type=\"widget\" data-e-type=\"widget\" data-widget_type=\"heading.default\">\n\t\t\t\t<div class=\"elementor-widget-container\">\n\t\t\t\t\t<h6 class=\"elementor-heading-title elementor-size-default\"><a href=\"mailto:adv@laracardoso.pt\">Email: adv@laracardoso.pt<\/a><\/h6>\t\t\t\t<\/div>\n\t\t\t\t<\/div>\n\t\t\t\t<div class=\"elementor-element elementor-element-8b2e9eb elementor-widget elementor-widget-heading\" data-id=\"8b2e9eb\" data-element_type=\"widget\" data-e-type=\"widget\" data-widget_type=\"heading.default\">\n\t\t\t\t<div class=\"elementor-widget-container\">\n\t\t\t\t\t<h6 class=\"elementor-heading-title elementor-size-default\">* Chamada para rede fixa nacional. <br>** Chamada para rede m\u00f3vel nacional.<\/h6>\t\t\t\t<\/div>\n\t\t\t\t<\/div>\n\t\t\t\t<div class=\"elementor-element elementor-element-91746d2 elementor-shape-square elementor-widget__width-inherit e-grid-align-left elementor-grid-0 elementor-widget elementor-widget-social-icons\" data-id=\"91746d2\" data-element_type=\"widget\" data-e-type=\"widget\" data-widget_type=\"social-icons.default\">\n\t\t\t\t<div class=\"elementor-widget-container\">\n\t\t\t\t\t\t\t<div class=\"elementor-social-icons-wrapper elementor-grid\">\n\t\t\t\t\t\t\t<span class=\"elementor-grid-item\">\n\t\t\t\t\t<a class=\"elementor-icon elementor-social-icon elementor-social-icon-linkedin elementor-repeater-item-6c10299\" target=\"_blank\">\n\t\t\t\t\t\t<span class=\"elementor-screen-only\">Linkedin<\/span>\n\t\t\t\t\t\t<i aria-hidden=\"true\" class=\"fab fa-linkedin\"><\/i>\t\t\t\t\t<\/a>\n\t\t\t\t<\/span>\n\t\t\t\t\t<\/div>\n\t\t\t\t\t\t<\/div>\n\t\t\t\t<\/div>\n\t\t\t\t<\/div>\n\t\t<div class=\"elementor-element elementor-element-1e32ba0 e-con-full e-flex e-con e-child\" data-id=\"1e32ba0\" data-element_type=\"container\" data-e-type=\"container\">\n\t\t\t\t<div class=\"elementor-element elementor-element-71a08c7 elementor-button-warning elementor-align-center elementor-widget elementor-widget-button\" data-id=\"71a08c7\" data-element_type=\"widget\" data-e-type=\"widget\" data-widget_type=\"button.default\">\n\t\t\t\t<div class=\"elementor-widget-container\">\n\t\t\t\t\t\t\t\t\t<div class=\"elementor-button-wrapper\">\n\t\t\t\t\t<a class=\"elementor-button elementor-button-link elementor-size-sm\" href=\"mailto:adv@laracardoso.pt\">\n\t\t\t\t\t\t<span class=\"elementor-button-content-wrapper\">\n\t\t\t\t\t\t<span class=\"elementor-button-icon\">\n\t\t\t\t<i aria-hidden=\"true\" class=\"far fa-envelope\"><\/i>\t\t\t<\/span>\n\t\t\t\t\t\t\t\t\t<span class=\"elementor-button-text\">ENVIAR MENSAGEM<\/span>\n\t\t\t\t\t<\/span>\n\t\t\t\t\t<\/a>\n\t\t\t\t<\/div>\n\t\t\t\t\t\t\t\t<\/div>\n\t\t\t\t<\/div>\n\t\t\t\t<\/div>\n\t\t<div class=\"elementor-element elementor-element-3f20a65 e-con-full e-flex e-con e-child\" data-id=\"3f20a65\" data-element_type=\"container\" data-e-type=\"container\">\n\t\t\t\t<div class=\"elementor-element elementor-element-3dbb0a1 elementor-widget elementor-widget-heading\" data-id=\"3dbb0a1\" data-element_type=\"widget\" data-e-type=\"widget\" data-widget_type=\"heading.default\">\n\t\t\t\t<div class=\"elementor-widget-container\">\n\t\t\t\t\t<h6 class=\"elementor-heading-title elementor-size-default\">Rua E.U.A., Edif\u00edcio Top\u00e1zio <br>Bloco G, Loja 2-G\n <br> <br> Vilamoura<\/h6>\t\t\t\t<\/div>\n\t\t\t\t<\/div>\n\t\t\t\t<div class=\"elementor-element elementor-element-da016db elementor-widget elementor-widget-heading\" data-id=\"da016db\" data-element_type=\"widget\" data-e-type=\"widget\" data-widget_type=\"heading.default\">\n\t\t\t\t<div class=\"elementor-widget-container\">\n\t\t\t\t\t<h6 class=\"elementor-heading-title elementor-size-default\">Segunda-feira a sexta-feira:<br> das 09:00 AM -5:30<\/h6>\t\t\t\t<\/div>\n\t\t\t\t<\/div>\n\t\t\t\t<\/div>\n\t\t\t\t<\/div>\n\t\t\t\t<\/div>\n\t\t\t\t\t<\/div>\n\t\t\t\t<\/div>\n\t\t<div class=\"elementor-element elementor-element-6561087 e-con-full e-flex e-con e-parent\" data-id=\"6561087\" data-element_type=\"container\" data-e-type=\"container\" data-settings=\"{&quot;background_background&quot;:&quot;classic&quot;}\">\n\t\t<div class=\"elementor-element elementor-element-cadfdb6 e-con-full e-flex e-con e-child\" data-id=\"cadfdb6\" data-element_type=\"container\" data-e-type=\"container\">\n\t\t\t\t<div class=\"elementor-element elementor-element-7e53b9a elementor-widget elementor-widget-google_maps\" data-id=\"7e53b9a\" data-element_type=\"widget\" data-e-type=\"widget\" data-widget_type=\"google_maps.default\">\n\t\t\t\t<div class=\"elementor-widget-container\">\n\t\t\t\t\t\t\t<div class=\"elementor-custom-embed\">\n\t\t\t<iframe loading=\"lazy\"\n\t\t\t\t\tsrc=\"https:\/\/maps.google.com\/maps?q=R.%20EUA%2C%20Edf.%20Top%C3%A1zio%20Bloco%20G%2C%20Lj%202%2C%208125-495%20Quarteira&#038;t=m&#038;z=18&#038;output=embed&#038;iwloc=near\"\n\t\t\t\t\ttitle=\"R. EUA, Edf. Top\u00e1zio Bloco G, Lj 2, 8125-495 Quarteira\"\n\t\t\t\t\taria-label=\"R. EUA, Edf. Top\u00e1zio Bloco G, Lj 2, 8125-495 Quarteira\"\n\t\t\t><\/iframe>\n\t\t<\/div>\n\t\t\t\t\t\t<\/div>\n\t\t\t\t<\/div>\n\t\t\t\t<\/div>\n\t\t\t\t<\/div>\n\t\t\t\t<\/div>\n\t\t","protected":false},"excerpt":{"rendered":"<p>Contactos Por favor, entre em contato se tiver alguma d\u00favida sobre os nossos servi\u00e7os ou pretender uma consulta. Telephone: +351 289 323 605* Telephone: +351 928 157 693 ** Email: adv@laracardoso.pt * Chamada para rede fixa nacional. ** Chamada para rede m\u00f3vel nacional. Linkedin ENVIAR MENSAGEM Rua E.U.A., Edif\u00edcio Top\u00e1zio Bloco G, Loja 2-G Vilamoura [&hellip;]<\/p>\n","protected":false},"author":216681779,"featured_media":0,"parent":0,"menu_order":0,"comment_status":"closed","ping_status":"closed","template":"elementor_header_footer","meta":{"footnotes":""},"class_list":["post-2763","page","type-page","status-publish","hentry"],"_links":{"self":[{"href":"https:\/\/laracardoso.pt\/pt-pt\/wp-json\/wp\/v2\/pages\/2763","targetHints":{"allow":["GET"]}}],"collection":[{"href":"https:\/\/laracardoso.pt\/pt-pt\/wp-json\/wp\/v2\/pages"}],"about":[{"href":"https:\/\/laracardoso.pt\/pt-pt\/wp-json\/wp\/v2\/types\/page"}],"author":[{"embeddable":true,"href":"https:\/\/laracardoso.pt\/pt-pt\/wp-json\/wp\/v2\/users\/216681779"}],"replies":[{"embeddable":true,"href":"https:\/\/laracardoso.pt\/pt-pt\/wp-json\/wp\/v2\/comments?post=2763"}],"version-history":[{"count":5,"href":"https:\/\/laracardoso.pt\/pt-pt\/wp-json\/wp\/v2\/pages\/2763\/revisions"}],"predecessor-version":[{"id":2865,"href":"https:\/\/laracardoso.pt\/pt-pt\/wp-json\/wp\/v2\/pages\/2763\/revisions\/2865"}],"wp:attachment":[{"href":"https:\/\/laracardoso.pt\/pt-pt\/wp-json\/wp\/v2\/media?parent=2763"}],"curies":[{"name":"wp","href":"https:\/\/api.w.org\/{rel}","templated":true}]}}