{"id":2754,"date":"2023-02-01T15:11:45","date_gmt":"2023-02-01T15:11:45","guid":{"rendered":"https:\/\/laracardoso.pt\/sobre\/"},"modified":"2025-03-14T21:03:55","modified_gmt":"2025-03-14T21:03:55","slug":"sobre","status":"publish","type":"page","link":"https:\/\/laracardoso.pt\/pt-pt\/sobre\/","title":{"rendered":"Sobre"},"content":{"rendered":"\t\t<div data-elementor-type=\"wp-page\" data-elementor-id=\"2754\" class=\"elementor elementor-2754 elementor-1542\" data-elementor-post-type=\"page\">\n\t\t\t\t<div class=\"elementor-element elementor-element-ad78f98 e-flex e-con-boxed e-con e-parent\" data-id=\"ad78f98\" data-element_type=\"container\" data-e-type=\"container\">\n\t\t\t\t\t<div class=\"e-con-inner\">\n\t\t<div class=\"elementor-element elementor-element-3769854 e-con-full e-flex e-con e-child\" data-id=\"3769854\" data-element_type=\"container\" data-e-type=\"container\">\n\t\t\t\t<div class=\"elementor-element elementor-element-8d1bce2 elementor-widget elementor-widget-heading\" data-id=\"8d1bce2\" data-element_type=\"widget\" data-e-type=\"widget\" data-widget_type=\"heading.default\">\n\t\t\t\t<div class=\"elementor-widget-container\">\n\t\t\t\t\t<h6 class=\"elementor-heading-title elementor-size-default\"><br>Bem-vindo<\/h6>\t\t\t\t<\/div>\n\t\t\t\t<\/div>\n\t\t\t\t<div class=\"elementor-element elementor-element-cfe7f0a elementor-widget elementor-widget-heading\" data-id=\"cfe7f0a\" data-element_type=\"widget\" data-e-type=\"widget\" data-widget_type=\"heading.default\">\n\t\t\t\t<div class=\"elementor-widget-container\">\n\t\t\t\t\t<h1 class=\"elementor-heading-title elementor-size-default\">Lara Cardoso<\/h1>\t\t\t\t<\/div>\n\t\t\t\t<\/div>\n\t\t\t\t<div class=\"elementor-element elementor-element-dc94380 elementor-invisible elementor-widget elementor-widget-heading\" data-id=\"dc94380\" data-element_type=\"widget\" data-e-type=\"widget\" data-settings=\"{&quot;_animation&quot;:&quot;fadeIn&quot;}\" data-widget_type=\"heading.default\">\n\t\t\t\t<div class=\"elementor-widget-container\">\n\t\t\t\t\t<h4 class=\"elementor-heading-title elementor-size-default\">Advogada<\/h4>\t\t\t\t<\/div>\n\t\t\t\t<\/div>\n\t\t\t\t<div class=\"elementor-element elementor-element-da04279 elementor-invisible elementor-widget elementor-widget-text-editor\" data-id=\"da04279\" data-element_type=\"widget\" data-e-type=\"widget\" data-settings=\"{&quot;_animation&quot;:&quot;fadeIn&quot;}\" data-widget_type=\"text-editor.default\">\n\t\t\t\t<div class=\"elementor-widget-container\">\n\t\t\t\t\t\t\t\t\t<p class=\"p1\"><span class=\"s1\">Escrit\u00f3rio de advogados localizado em Vilamoura, centro do Algarve.<span class=\"Apple-converted-space\"> <\/span><\/span><\/p><p class=\"p1\"><span class=\"s1\">Oferecemos um servi\u00e7o de excel\u00eancia e qualidade para atender \u00e0s necessidades dos nossos clientes, garantindo que sejam tratados com cortesia e respeito.<span class=\"Apple-converted-space\"> <\/span><\/span><\/p><p class=\"p1\"><span class=\"s1\">Oferecemos servi\u00e7os jur\u00eddicos personalizados com o objetivo de proporcionar solu\u00e7\u00f5es pr\u00e1ticas e acess\u00edveis aos nossos clientes.<span class=\"Apple-converted-space\"> <\/span><\/span><\/p><p class=\"p1\"><span class=\"s1\">Em todos os momentos, o nosso escrit\u00f3rio tem como objetivo fornecer uma assessoria jur\u00eddica completa e personalizada, levando em considera\u00e7\u00e3o todos os aspetos e circunst\u00e2ncias espec\u00edficas de cada caso particular, e adequ\u00e1-lo ao melhor resultado poss\u00edvel.<\/span><\/p>\t\t\t\t\t\t\t\t<\/div>\n\t\t\t\t<\/div>\n\t\t\t\t<div class=\"elementor-element elementor-element-b0ad4d6 elementor-invisible elementor-widget elementor-widget-text-editor\" data-id=\"b0ad4d6\" data-element_type=\"widget\" data-e-type=\"widget\" data-settings=\"{&quot;_animation&quot;:&quot;fadeIn&quot;}\" data-widget_type=\"text-editor.default\">\n\t\t\t\t<div class=\"elementor-widget-container\">\n\t\t\t\t\t\t\t\t\t<p class=\"p1\"><strong><span class=\"s1\">Idiomas<\/span>:<\/strong> P<span class=\"s1\">ortugu\u00eas, Ingl\u00eas e Espanhol<\/span><\/p><p class=\"p1\"><span class=\"s1\">Inscrita na Ordem dos Advogados.<\/span><\/p>\t\t\t\t\t\t\t\t<\/div>\n\t\t\t\t<\/div>\n\t\t\t\t<\/div>\n\t\t<div class=\"elementor-element elementor-element-3857d15 e-con-full e-flex e-con e-child\" data-id=\"3857d15\" data-element_type=\"container\" data-e-type=\"container\" data-settings=\"{&quot;background_background&quot;:&quot;classic&quot;}\">\n\t\t\t\t<div class=\"elementor-element elementor-element-dedbf38 elementor-widget elementor-widget-spacer\" data-id=\"dedbf38\" data-element_type=\"widget\" data-e-type=\"widget\" data-widget_type=\"spacer.default\">\n\t\t\t\t<div class=\"elementor-widget-container\">\n\t\t\t\t\t\t\t<div class=\"elementor-spacer\">\n\t\t\t<div class=\"elementor-spacer-inner\"><\/div>\n\t\t<\/div>\n\t\t\t\t\t\t<\/div>\n\t\t\t\t<\/div>\n\t\t\t\t<\/div>\n\t\t\t\t\t<\/div>\n\t\t\t\t<\/div>\n\t\t\t\t<\/div>\n\t\t","protected":false},"excerpt":{"rendered":"<p>Bem-vindo Lara Cardoso Advogada Escrit\u00f3rio de advogados localizado em Vilamoura, centro do Algarve. Oferecemos um servi\u00e7o de excel\u00eancia e qualidade para atender \u00e0s necessidades dos nossos clientes, garantindo que sejam tratados com cortesia e respeito. Oferecemos servi\u00e7os jur\u00eddicos personalizados com o objetivo de proporcionar solu\u00e7\u00f5es pr\u00e1ticas e acess\u00edveis aos nossos clientes. Em todos os momentos, [&hellip;]<\/p>\n","protected":false},"author":216681779,"featured_media":0,"parent":0,"menu_order":0,"comment_status":"closed","ping_status":"closed","template":"elementor_header_footer","meta":{"footnotes":""},"class_list":["post-2754","page","type-page","status-publish","hentry"],"_links":{"self":[{"href":"https:\/\/laracardoso.pt\/pt-pt\/wp-json\/wp\/v2\/pages\/2754","targetHints":{"allow":["GET"]}}],"collection":[{"href":"https:\/\/laracardoso.pt\/pt-pt\/wp-json\/wp\/v2\/pages"}],"about":[{"href":"https:\/\/laracardoso.pt\/pt-pt\/wp-json\/wp\/v2\/types\/page"}],"author":[{"embeddable":true,"href":"https:\/\/laracardoso.pt\/pt-pt\/wp-json\/wp\/v2\/users\/216681779"}],"replies":[{"embeddable":true,"href":"https:\/\/laracardoso.pt\/pt-pt\/wp-json\/wp\/v2\/comments?post=2754"}],"version-history":[{"count":3,"href":"https:\/\/laracardoso.pt\/pt-pt\/wp-json\/wp\/v2\/pages\/2754\/revisions"}],"predecessor-version":[{"id":2758,"href":"https:\/\/laracardoso.pt\/pt-pt\/wp-json\/wp\/v2\/pages\/2754\/revisions\/2758"}],"wp:attachment":[{"href":"https:\/\/laracardoso.pt\/pt-pt\/wp-json\/wp\/v2\/media?parent=2754"}],"curies":[{"name":"wp","href":"https:\/\/api.w.org\/{rel}","templated":true}]}}